{"id":1207,"date":"2024-02-15T18:20:58","date_gmt":"2024-02-15T21:20:58","guid":{"rendered":"https:\/\/sbdparaiba.com.br\/2024\/my-account\/"},"modified":"2024-11-29T13:54:21","modified_gmt":"2024-11-29T16:54:21","slug":"minha-conta","status":"publish","type":"page","link":"https:\/\/sbdparaiba.com.br\/2024\/minha-conta\/","title":{"rendered":"Minha Conta"},"content":{"rendered":"\t\t<div data-elementor-type=\"wp-page\" data-elementor-id=\"1207\" class=\"elementor elementor-1207\" data-elementor-post-type=\"page\">\n\t\t\t\t\t\t<section data-particle_enable=\"false\" data-particle-mobile-disabled=\"false\" class=\"elementor-section elementor-top-section elementor-element elementor-element-6f5921b4 elementor-section-boxed elementor-section-height-default elementor-section-height-default\" data-id=\"6f5921b4\" data-element_type=\"section\" data-settings=\"{&quot;jet_parallax_layout_list&quot;:[]}\">\n\t\t\t\t\t\t<div class=\"elementor-container elementor-column-gap-default\">\n\t\t\t\t\t<div class=\"elementor-column elementor-col-100 elementor-top-column elementor-element elementor-element-58282802\" data-id=\"58282802\" data-element_type=\"column\">\n\t\t\t<div class=\"elementor-widget-wrap elementor-element-populated\">\n\t\t\t\t\t\t<div class=\"elementor-element elementor-element-1cc97a34 elementor-widget elementor-widget-image\" data-id=\"1cc97a34\" data-element_type=\"widget\" data-widget_type=\"image.default\">\n\t\t\t\t<div class=\"elementor-widget-container\">\n\t\t\t\t\t\t\t\t\t\t\t\t\t<img fetchpriority=\"high\" decoding=\"async\" width=\"600\" height=\"600\" src=\"https:\/\/sbdparaiba.com.br\/2024\/wp-content\/uploads\/2024\/08\/12-JORNADA-PARAIBANA-DE-DERMATOLOGIA-LOGO-REDES-SOCIAIS.png\" class=\"attachment-large size-large wp-image-5288\" alt=\"\" srcset=\"https:\/\/sbdparaiba.com.br\/2024\/wp-content\/uploads\/2024\/08\/12-JORNADA-PARAIBANA-DE-DERMATOLOGIA-LOGO-REDES-SOCIAIS.png 600w, https:\/\/sbdparaiba.com.br\/2024\/wp-content\/uploads\/2024\/08\/12-JORNADA-PARAIBANA-DE-DERMATOLOGIA-LOGO-REDES-SOCIAIS-300x300.png 300w, https:\/\/sbdparaiba.com.br\/2024\/wp-content\/uploads\/2024\/08\/12-JORNADA-PARAIBANA-DE-DERMATOLOGIA-LOGO-REDES-SOCIAIS-150x150.png 150w\" sizes=\"(max-width: 600px) 100vw, 600px\" \/>\t\t\t\t\t\t\t\t\t\t\t\t\t<\/div>\n\t\t\t\t<\/div>\n\t\t\t\t\t<\/div>\n\t\t<\/div>\n\t\t\t\t\t<\/div>\n\t\t<\/section>\n\t\t\t\t<section data-particle_enable=\"false\" data-particle-mobile-disabled=\"false\" class=\"elementor-section elementor-top-section elementor-element elementor-element-74ac6c3c elementor-hidden-desktop elementor-hidden-tablet elementor-hidden-mobile elementor-section-boxed elementor-section-height-default elementor-section-height-default\" data-id=\"74ac6c3c\" data-element_type=\"section\" data-settings=\"{&quot;jet_parallax_layout_list&quot;:[]}\">\n\t\t\t\t\t\t<div class=\"elementor-container elementor-column-gap-default\">\n\t\t\t\t\t<div class=\"elementor-column elementor-col-33 elementor-top-column elementor-element elementor-element-1c7e47d6\" data-id=\"1c7e47d6\" data-element_type=\"column\">\n\t\t\t<div class=\"elementor-widget-wrap\">\n\t\t\t\t\t\t\t<\/div>\n\t\t<\/div>\n\t\t\t\t<div class=\"elementor-column elementor-col-33 elementor-top-column elementor-element elementor-element-04890ea\" data-id=\"04890ea\" data-element_type=\"column\">\n\t\t\t<div class=\"elementor-widget-wrap elementor-element-populated\">\n\t\t\t\t\t\t<div class=\"elementor-element elementor-element-8e86070 elementor-widget elementor-widget-text-editor\" data-id=\"8e86070\" data-element_type=\"widget\" data-widget_type=\"text-editor.default\">\n\t\t\t\t<div class=\"elementor-widget-container\">\n\t\t\t\t\t\t\t<!-- wp:shortcode -->[woocommerce_my_account]<!-- \/wp:shortcode -->\t\t\t\t\t\t<\/div>\n\t\t\t\t<\/div>\n\t\t\t\t\t<\/div>\n\t\t<\/div>\n\t\t\t\t<div class=\"elementor-column elementor-col-33 elementor-top-column elementor-element elementor-element-f0c0195\" data-id=\"f0c0195\" data-element_type=\"column\">\n\t\t\t<div class=\"elementor-widget-wrap\">\n\t\t\t\t\t\t\t<\/div>\n\t\t<\/div>\n\t\t\t\t\t<\/div>\n\t\t<\/section>\n\t\t<div class=\"elementor-element elementor-element-bff9d63 e-flex e-con-boxed e-con e-parent\" data-id=\"bff9d63\" data-element_type=\"container\" data-settings=\"{&quot;jet_parallax_layout_list&quot;:[]}\">\n\t\t\t\t\t<div class=\"e-con-inner\">\n\t\t<div class=\"elementor-element elementor-element-280b7ef8 e-con-full e-flex e-con e-child\" data-id=\"280b7ef8\" data-element_type=\"container\" data-settings=\"{&quot;jet_parallax_layout_list&quot;:[]}\">\n\t\t\t\t<\/div>\n\t\t\t\t\t<\/div>\n\t\t\t\t<\/div>\n\t\t\t\t<section data-particle_enable=\"false\" data-particle-mobile-disabled=\"false\" class=\"elementor-section elementor-top-section elementor-element elementor-element-97b4f50 elementor-section-boxed elementor-section-height-default elementor-section-height-default\" data-id=\"97b4f50\" data-element_type=\"section\" data-settings=\"{&quot;jet_parallax_layout_list&quot;:[]}\">\n\t\t\t\t\t\t<div class=\"elementor-container elementor-column-gap-default\">\n\t\t\t\t\t<div class=\"elementor-column elementor-col-100 elementor-top-column elementor-element elementor-element-61e1ada\" data-id=\"61e1ada\" data-element_type=\"column\">\n\t\t\t<div class=\"elementor-widget-wrap elementor-element-populated\">\n\t\t\t\t\t\t<div class=\"elementor-element elementor-element-9a456e2 elementor-widget elementor-widget-shortcode\" data-id=\"9a456e2\" data-element_type=\"widget\" data-widget_type=\"shortcode.default\">\n\t\t\t\t<div class=\"elementor-widget-container\">\n\t\t\t\t\t<div class=\"elementor-shortcode\"><div id=\"user-registration\" class=\"user-registration\">\n\n\n<div class=\"ur-frontend-form login \" id=\"ur-frontend-form\">\n\n\t<form class=\"user-registration-form user-registration-form-login login\" method=\"post\">\n\t\t<div class=\"ur-form-row\">\n\t\t\t<div class=\"ur-form-grid\">\n\t\t\t\t\t\t\t\t\t\t\t\t\t\t<p class=\"user-registration-form-row user-registration-form-row--wide form-row form-row-wide\">\n\t\t\t\t\t\t<label for=\"username\">Usu\u00e1rio ou Endere\u00e7o de E-mail <span class=\"required\">*<\/span><\/label>\t\t\t\t\t\t<span class=\"input-wrapper\">\n\t\t\t\t\t\t<input placeholder=\"\" type=\"text\" class=\"user-registration-Input user-registration-Input--text input-text\" name=\"username\" id=\"username\" value=\"\" style=\"\"\/>\n\t\t\t\t\t\t\t\t\t\t\t\t<\/span>\n\t\t\t\t\t<\/p>\n\t\t\t\t\t\t\t\t\t\t<p class=\"user-registration-form-row user-registration-form-row--wide form-row form-row-wide hide_show_password\">\n\t\t\t\t\t\t<label for=\"password\">Senha <span class=\"required\">*<\/span><\/label>\t\t\t\t\t\t<span class=\"input-wrapper\">\n\t\t\t\t\t\t<span class=\"password-input-group\">\n\t\t\t\t\t\t<input placeholder=\"\" class=\"user-registration-Input user-registration-Input--text input-text\" type=\"password\" name=\"password\" id=\"password\" style=\"\" \/>\n\n\t\t\t\t\t\t\t\t\t\t\t\t<a href=\"javaScript:void(0)\" class=\"password_preview dashicons dashicons-hidden\" title=\"Mostrar senha\"><\/a>\n\t\t\t\t\t\t<\/span>\n\t\t\t\t\t\t\t\t\t\t\t\t\t\t\t\t\t\t\t<\/span>\n\t\t\t\t\t<\/p>\n\t\t\t\t\t\t\t\t\t\t\n\t\t\t\t\t\n\t\t\t\t\t<p class=\"form-row\">\n\t\t\t\t\t\t<input type=\"hidden\" id=\"user-registration-login-nonce\" name=\"user-registration-login-nonce\" value=\"55db1e2883\" \/><input type=\"hidden\" name=\"_wp_http_referer\" value=\"\/2024\/wp-json\/wp\/v2\/pages\/1207\" \/>\t\t\t\t\t\t<div>\n\t\t\t\t\t\t\t\t\t\t\t\t\t\t\t\t\t\t\t\t<input type=\"submit\" class=\"user-registration-Button button \" name=\"login\" value=\"Login\" \/>\n\t\t\t\t\t\t\t\t\t\t\t\t\t<\/div>\n\t\t\t\t\t\t<input type=\"hidden\" name=\"redirect\" value=\"\" \/>\n\t\t\t\t\t\t\t\t\t\t\t\t\t\t<label class=\"user-registration-form__label user-registration-form__label-for-checkbox inline\">\n\t\t\t\t\t\t\t\t\t<input class=\"user-registration-form__input user-registration-form__input-checkbox\" name=\"rememberme\" type=\"checkbox\" id=\"rememberme\" value=\"forever\" \/> <span>Lembrar-me<\/span>\n\t\t\t\t\t\t\t\t<\/label>\n\t\t\t\t\t\t\t\t\t\t\t\t<\/p>\n\n\t\t\t\t\t\t\t\t\t\t\t\t\t<p class=\"user-registration-LostPassword lost_password\">\n\t\t\t\t\t\t\t\t\t<a href=\"https:\/\/sbdparaiba.com.br\/2024\/minha-conta\/lost-password\/\">Perdeu sua senha?<\/a>\n\t\t\t\t\t\t\t\t<\/p>\n\t\t\t\t\t\t\n\t\t\t\t\t\t\t\t\t\t\t\t\t<\/div>\n\t\t<\/div>\n\t<\/form>\n\n<\/div>\n\n<\/div><\/div>\n\t\t\t\t<\/div>\n\t\t\t\t<\/div>\n\t\t\t\t\t<\/div>\n\t\t<\/div>\n\t\t\t\t\t<\/div>\n\t\t<\/section>\n\t\t<div class=\"elementor-element elementor-element-6674345 e-flex e-con-boxed e-con e-parent\" data-id=\"6674345\" data-element_type=\"container\" data-settings=\"{&quot;jet_parallax_layout_list&quot;:[]}\">\n\t\t\t\t\t<div class=\"e-con-inner\">\n\t\t\t\t<div class=\"elementor-element elementor-element-c6e1bf6 elementor-align-center elementor-widget elementor-widget-button\" data-id=\"c6e1bf6\" data-element_type=\"widget\" data-widget_type=\"button.default\">\n\t\t\t\t<div class=\"elementor-widget-container\">\n\t\t\t\t\t<div class=\"elementor-button-wrapper\">\n\t\t\t<a class=\"elementor-button elementor-button-link elementor-size-lg\" href=\"https:\/\/sbdparaiba.com.br\/2024\/\" rel=\"nofollow\">\n\t\t\t\t\t\t<span class=\"elementor-button-content-wrapper\">\n\t\t\t\t\t\t\t\t\t<span class=\"elementor-button-text\">VOLTAR PARA O SITE<\/span>\n\t\t\t\t\t<\/span>\n\t\t\t\t\t<\/a>\n\t\t<\/div>\n\t\t\t\t<\/div>\n\t\t\t\t<\/div>\n\t\t\t\t\t<\/div>\n\t\t\t\t<\/div>\n\t\t\t\t<section data-particle_enable=\"false\" data-particle-mobile-disabled=\"false\" class=\"elementor-section elementor-top-section elementor-element elementor-element-74c0d43 elementor-section-boxed elementor-section-height-default elementor-section-height-default\" data-id=\"74c0d43\" data-element_type=\"section\" data-settings=\"{&quot;jet_parallax_layout_list&quot;:[]}\">\n\t\t\t\t\t\t<div class=\"elementor-container elementor-column-gap-default\">\n\t\t\t\t\t<div class=\"elementor-column elementor-col-100 elementor-top-column elementor-element elementor-element-504aa80f\" data-id=\"504aa80f\" data-element_type=\"column\">\n\t\t\t<div class=\"elementor-widget-wrap\">\n\t\t\t\t\t\t\t<\/div>\n\t\t<\/div>\n\t\t\t\t\t<\/div>\n\t\t<\/section>\n\t\t\t\t<section data-particle_enable=\"false\" data-particle-mobile-disabled=\"false\" class=\"elementor-section elementor-top-section elementor-element elementor-element-7b2416a4 elementor-section-boxed elementor-section-height-default elementor-section-height-default\" data-id=\"7b2416a4\" data-element_type=\"section\" data-settings=\"{&quot;jet_parallax_layout_list&quot;:[]}\">\n\t\t\t\t\t\t<div class=\"elementor-container elementor-column-gap-default\">\n\t\t\t\t\t<div class=\"elementor-column elementor-col-100 elementor-top-column elementor-element elementor-element-7ce52e52\" data-id=\"7ce52e52\" data-element_type=\"column\">\n\t\t\t<div class=\"elementor-widget-wrap elementor-element-populated\">\n\t\t\t\t\t\t<section data-particle_enable=\"false\" data-particle-mobile-disabled=\"false\" class=\"elementor-section elementor-inner-section elementor-element elementor-element-69ec40b2 elementor-section-boxed elementor-section-height-default elementor-section-height-default\" data-id=\"69ec40b2\" data-element_type=\"section\" data-settings=\"{&quot;jet_parallax_layout_list&quot;:[]}\">\n\t\t\t\t\t\t<div class=\"elementor-container elementor-column-gap-default\">\n\t\t\t\t\t<div class=\"elementor-column elementor-col-50 elementor-inner-column elementor-element elementor-element-f768303\" data-id=\"f768303\" data-element_type=\"column\">\n\t\t\t<div class=\"elementor-widget-wrap elementor-element-populated\">\n\t\t\t\t\t\t<div class=\"elementor-element elementor-element-34923d07 elementor-widget elementor-widget-image\" data-id=\"34923d07\" data-element_type=\"widget\" data-widget_type=\"image.default\">\n\t\t\t\t<div class=\"elementor-widget-container\">\n\t\t\t\t\t\t\t\t\t\t\t\t\t<img decoding=\"async\" width=\"350\" height=\"163\" src=\"https:\/\/sbdparaiba.com.br\/2024\/wp-content\/uploads\/2023\/02\/selossl.png\" class=\"attachment-large size-large wp-image-4143\" alt=\"\" srcset=\"https:\/\/sbdparaiba.com.br\/2024\/wp-content\/uploads\/2023\/02\/selossl.png 350w, https:\/\/sbdparaiba.com.br\/2024\/wp-content\/uploads\/2023\/02\/selossl-300x140.png 300w\" sizes=\"(max-width: 350px) 100vw, 350px\" \/>\t\t\t\t\t\t\t\t\t\t\t\t\t<\/div>\n\t\t\t\t<\/div>\n\t\t\t\t\t<\/div>\n\t\t<\/div>\n\t\t\t\t<div class=\"elementor-column elementor-col-50 elementor-inner-column elementor-element elementor-element-764ad861\" data-id=\"764ad861\" data-element_type=\"column\">\n\t\t\t<div class=\"elementor-widget-wrap elementor-element-populated\">\n\t\t\t\t\t\t<div class=\"elementor-element elementor-element-6ee15a15 elementor-widget elementor-widget-image\" data-id=\"6ee15a15\" data-element_type=\"widget\" data-widget_type=\"image.default\">\n\t\t\t\t<div class=\"elementor-widget-container\">\n\t\t\t\t\t\t\t\t\t\t\t\t\t\t<a href=\"https:\/\/transparencyreport.google.com\/safe-browsing\/search?url=https:%2F%2Fsbdparaiba.com.br%2F2024%2F&#038;hl=pt-br\" target=\"_blank\" rel=\"nofollow\">\n\t\t\t\t\t\t\t<img decoding=\"async\" width=\"325\" height=\"125\" src=\"https:\/\/sbdparaiba.com.br\/2024\/wp-content\/uploads\/2023\/02\/site-seguro-google.png\" class=\"attachment-full size-full wp-image-4144\" alt=\"\" srcset=\"https:\/\/sbdparaiba.com.br\/2024\/wp-content\/uploads\/2023\/02\/site-seguro-google.png 325w, https:\/\/sbdparaiba.com.br\/2024\/wp-content\/uploads\/2023\/02\/site-seguro-google-300x115.png 300w\" sizes=\"(max-width: 325px) 100vw, 325px\" \/>\t\t\t\t\t\t\t\t<\/a>\n\t\t\t\t\t\t\t\t\t\t\t\t\t<\/div>\n\t\t\t\t<\/div>\n\t\t\t\t\t<\/div>\n\t\t<\/div>\n\t\t\t\t\t<\/div>\n\t\t<\/section>\n\t\t\t\t\t<\/div>\n\t\t<\/div>\n\t\t\t\t\t<\/div>\n\t\t<\/section>\n\t\t<div class=\"elementor-element elementor-element-ee24711 e-flex e-con-boxed e-con e-parent\" data-id=\"ee24711\" data-element_type=\"container\" data-settings=\"{&quot;background_background&quot;:&quot;classic&quot;,&quot;jet_parallax_layout_list&quot;:[]}\">\n\t\t\t\t\t<div class=\"e-con-inner\">\n\t\t<div class=\"elementor-element elementor-element-38f2d03a e-con-full e-flex e-con e-child\" data-id=\"38f2d03a\" data-element_type=\"container\" data-settings=\"{&quot;jet_parallax_layout_list&quot;:[]}\">\n\t\t\t\t<div class=\"elementor-element elementor-element-17827c61 elementor-widget elementor-widget-text-editor\" data-id=\"17827c61\" data-element_type=\"widget\" data-widget_type=\"text-editor.default\">\n\t\t\t\t<div class=\"elementor-widget-container\">\n\t\t\t\t\t\t\t\u00a9 Copyright 2024 &#8211;\u00a012\u00aa JORNADA PARAIBANA DE DERMATOLOGIA &#8211; 2\u00ba IMUNODERMA &#8211; SIMP\u00d3SIO DE IMUNODERMATOLOGIA DA SBD-PB &#8211; Todos direitos reservados\t\t\t\t\t\t<\/div>\n\t\t\t\t<\/div>\n\t\t\t\t<\/div>\n\t\t<div class=\"elementor-element elementor-element-2f033105 e-con-full e-flex e-con e-child\" data-id=\"2f033105\" data-element_type=\"container\" data-settings=\"{&quot;jet_parallax_layout_list&quot;:[]}\">\n\t\t\t\t<div class=\"elementor-element elementor-element-73ec218a elementor-widget elementor-widget-text-editor\" data-id=\"73ec218a\" data-element_type=\"widget\" data-widget_type=\"text-editor.default\">\n\t\t\t\t<div class=\"elementor-widget-container\">\n\t\t\t\t\t\t\t<p>Desenvolvido pela <span style=\"color: #00ffff;\"><a style=\"color: #00ffff;\" href=\"https:\/\/globalsites.com.br\/\" target=\"_blank\" rel=\"noopener\">Global Sites<\/a><\/span><\/p>\t\t\t\t\t\t<\/div>\n\t\t\t\t<\/div>\n\t\t\t\t<\/div>\n\t\t\t\t\t<\/div>\n\t\t\t\t<\/div>\n\t\t\t\t<\/div>\n\t\t","protected":false},"excerpt":{"rendered":"<p>Certificado Jornada Certificado Curso FORMUL\u00c1RIO PARA TEMA LIVRE Envio dos trabalhos VOLTAR PARA O SITE Desenvolvido pela Global Sites<\/p>\n","protected":false},"author":1,"featured_media":5288,"parent":0,"menu_order":0,"comment_status":"closed","ping_status":"closed","template":"elementor_canvas","meta":{"footnotes":""},"class_list":["post-1207","page","type-page","status-publish","has-post-thumbnail","hentry"],"yoast_head":"<!-- This site is optimized with the Yoast SEO plugin v23.2 - https:\/\/yoast.com\/wordpress\/plugins\/seo\/ -->\n<title>Minha Conta - 12\u00aa JORNADA PARAIBANA DE DERMATOLOGIA - 2\u00ba IMUNODERMA - SIMP\u00d3SIO DE IMUNODERMATOLOGIA DA SBD-PB<\/title>\n<meta name=\"description\" content=\"12\u00aa JORNADA PARAIBANA DE DERMATOLOGIA - 2\u00ba IMUNODERMA - SIMP\u00d3SIO DE IMUNODERMATOLOGIA DA SBD-PB - 22 e 23 DE NOVEMBRO 2024 | AUDIT\u00d3RIO DO HOTEM MANA\u00cdRA | JO\u00c3O PESSOA - PB\" \/>\n<meta name=\"robots\" content=\"index, follow, max-snippet:-1, max-image-preview:large, max-video-preview:-1\" \/>\n<link rel=\"canonical\" href=\"https:\/\/sbdparaiba.com.br\/2024\/minha-conta\/\" \/>\n<meta property=\"og:locale\" content=\"pt_BR\" \/>\n<meta property=\"og:type\" content=\"article\" \/>\n<meta property=\"og:title\" content=\"12\u00aa JORNADA PARAIBANA DE DERMATOLOGIA - 2\u00ba IMUNODERMA - SIMP\u00d3SIO DE IMUNODERMATOLOGIA DA SBD-PB\" \/>\n<meta property=\"og:description\" content=\"12\u00aa JORNADA PARAIBANA DE DERMATOLOGIA - 2\u00ba IMUNODERMA - SIMP\u00d3SIO DE IMUNODERMATOLOGIA DA SBD-PB - 22 e 23 DE NOVEMBRO 2024 | AUDIT\u00d3RIO DO HOTEM MANA\u00cdRA | JO\u00c3O PESSOA - PB\" \/>\n<meta property=\"og:url\" content=\"https:\/\/sbdparaiba.com.br\/2024\/minha-conta\/\" \/>\n<meta property=\"og:site_name\" content=\"12\u00aa JORNADA PARAIBANA DE DERMATOLOGIA - 2\u00ba IMUNODERMA - SIMP\u00d3SIO DE IMUNODERMATOLOGIA DA SBD-PB\" \/>\n<meta property=\"article:modified_time\" content=\"2024-11-29T16:54:21+00:00\" \/>\n<meta property=\"og:image\" content=\"https:\/\/sbdparaiba.com.br\/2024\/wp-content\/uploads\/2024\/08\/12-JORNADA-PARAIBANA-DE-DERMATOLOGIA-LOGO-REDES-SOCIAIS.png\" \/>\n\t<meta property=\"og:image:width\" content=\"600\" \/>\n\t<meta property=\"og:image:height\" content=\"600\" \/>\n\t<meta property=\"og:image:type\" content=\"image\/png\" \/>\n<meta name=\"twitter:card\" content=\"summary_large_image\" \/>\n<meta name=\"twitter:title\" content=\"12\u00aa JORNADA PARAIBANA DE DERMATOLOGIA - 2\u00ba IMUNODERMA - SIMP\u00d3SIO DE IMUNODERMATOLOGIA DA SBD-PB\" \/>\n<meta name=\"twitter:description\" content=\"12\u00aa JORNADA PARAIBANA DE DERMATOLOGIA - 2\u00ba IMUNODERMA - SIMP\u00d3SIO DE IMUNODERMATOLOGIA DA SBD-PB - 22 e 23 DE NOVEMBRO 2024 | AUDIT\u00d3RIO DO HOTEM MANA\u00cdRA | JO\u00c3O PESSOA - PB\" \/>\n<meta name=\"twitter:image\" content=\"https:\/\/sbdparaiba.com.br\/2024\/wp-content\/uploads\/2024\/08\/12-JORNADA-PARAIBANA-DE-DERMATOLOGIA-LOGO-REDES-SOCIAIS.png\" \/>\n<meta name=\"twitter:label1\" content=\"Est. tempo de leitura\" \/>\n\t<meta name=\"twitter:data1\" content=\"1 minuto\" \/>\n<script type=\"application\/ld+json\" class=\"yoast-schema-graph\">{\"@context\":\"https:\/\/schema.org\",\"@graph\":[{\"@type\":\"WebPage\",\"@id\":\"https:\/\/sbdparaiba.com.br\/2024\/minha-conta\/\",\"url\":\"https:\/\/sbdparaiba.com.br\/2024\/minha-conta\/\",\"name\":\"Minha Conta - 12\u00aa JORNADA PARAIBANA DE DERMATOLOGIA - 2\u00ba IMUNODERMA - SIMP\u00d3SIO DE IMUNODERMATOLOGIA DA SBD-PB\",\"isPartOf\":{\"@id\":\"https:\/\/sbdparaiba.com.br\/2024\/#website\"},\"primaryImageOfPage\":{\"@id\":\"https:\/\/sbdparaiba.com.br\/2024\/minha-conta\/#primaryimage\"},\"image\":{\"@id\":\"https:\/\/sbdparaiba.com.br\/2024\/minha-conta\/#primaryimage\"},\"thumbnailUrl\":\"https:\/\/sbdparaiba.com.br\/2024\/wp-content\/uploads\/2024\/08\/12-JORNADA-PARAIBANA-DE-DERMATOLOGIA-LOGO-REDES-SOCIAIS.png\",\"datePublished\":\"2024-02-15T21:20:58+00:00\",\"dateModified\":\"2024-11-29T16:54:21+00:00\",\"description\":\"12\u00aa JORNADA PARAIBANA DE DERMATOLOGIA - 2\u00ba IMUNODERMA - SIMP\u00d3SIO DE IMUNODERMATOLOGIA DA SBD-PB - 22 e 23 DE NOVEMBRO 2024 | AUDIT\u00d3RIO DO HOTEM MANA\u00cdRA | JO\u00c3O PESSOA - PB\",\"breadcrumb\":{\"@id\":\"https:\/\/sbdparaiba.com.br\/2024\/minha-conta\/#breadcrumb\"},\"inLanguage\":\"pt-BR\",\"potentialAction\":[{\"@type\":\"ReadAction\",\"target\":[\"https:\/\/sbdparaiba.com.br\/2024\/minha-conta\/\"]}]},{\"@type\":\"ImageObject\",\"inLanguage\":\"pt-BR\",\"@id\":\"https:\/\/sbdparaiba.com.br\/2024\/minha-conta\/#primaryimage\",\"url\":\"https:\/\/sbdparaiba.com.br\/2024\/wp-content\/uploads\/2024\/08\/12-JORNADA-PARAIBANA-DE-DERMATOLOGIA-LOGO-REDES-SOCIAIS.png\",\"contentUrl\":\"https:\/\/sbdparaiba.com.br\/2024\/wp-content\/uploads\/2024\/08\/12-JORNADA-PARAIBANA-DE-DERMATOLOGIA-LOGO-REDES-SOCIAIS.png\",\"width\":600,\"height\":600},{\"@type\":\"BreadcrumbList\",\"@id\":\"https:\/\/sbdparaiba.com.br\/2024\/minha-conta\/#breadcrumb\",\"itemListElement\":[{\"@type\":\"ListItem\",\"position\":1,\"name\":\"Home\",\"item\":\"https:\/\/sbdparaiba.com.br\/2024\/\"},{\"@type\":\"ListItem\",\"position\":2,\"name\":\"Minha Conta\"}]},{\"@type\":\"WebSite\",\"@id\":\"https:\/\/sbdparaiba.com.br\/2024\/#website\",\"url\":\"https:\/\/sbdparaiba.com.br\/2024\/\",\"name\":\"12\u00aa JORNADA PARAIBANA DE DERMATOLOGIA - 2\u00ba IMUNODERMA - SIMP\u00d3SIO DE IMUNODERMATOLOGIA DA SBD-PB\",\"description\":\"\",\"potentialAction\":[{\"@type\":\"SearchAction\",\"target\":{\"@type\":\"EntryPoint\",\"urlTemplate\":\"https:\/\/sbdparaiba.com.br\/2024\/?s={search_term_string}\"},\"query-input\":\"required name=search_term_string\"}],\"inLanguage\":\"pt-BR\"}]}<\/script>\n<!-- \/ Yoast SEO plugin. -->","yoast_head_json":{"title":"Minha Conta - 12\u00aa JORNADA PARAIBANA DE DERMATOLOGIA - 2\u00ba IMUNODERMA - SIMP\u00d3SIO DE IMUNODERMATOLOGIA DA SBD-PB","description":"12\u00aa JORNADA PARAIBANA DE DERMATOLOGIA - 2\u00ba IMUNODERMA - SIMP\u00d3SIO DE IMUNODERMATOLOGIA DA SBD-PB - 22 e 23 DE NOVEMBRO 2024 | AUDIT\u00d3RIO DO HOTEM MANA\u00cdRA | JO\u00c3O PESSOA - PB","robots":{"index":"index","follow":"follow","max-snippet":"max-snippet:-1","max-image-preview":"max-image-preview:large","max-video-preview":"max-video-preview:-1"},"canonical":"https:\/\/sbdparaiba.com.br\/2024\/minha-conta\/","og_locale":"pt_BR","og_type":"article","og_title":"12\u00aa JORNADA PARAIBANA DE DERMATOLOGIA - 2\u00ba IMUNODERMA - SIMP\u00d3SIO DE IMUNODERMATOLOGIA DA SBD-PB","og_description":"12\u00aa JORNADA PARAIBANA DE DERMATOLOGIA - 2\u00ba IMUNODERMA - SIMP\u00d3SIO DE IMUNODERMATOLOGIA DA SBD-PB - 22 e 23 DE NOVEMBRO 2024 | AUDIT\u00d3RIO DO HOTEM MANA\u00cdRA | JO\u00c3O PESSOA - PB","og_url":"https:\/\/sbdparaiba.com.br\/2024\/minha-conta\/","og_site_name":"12\u00aa JORNADA PARAIBANA DE DERMATOLOGIA - 2\u00ba IMUNODERMA - SIMP\u00d3SIO DE IMUNODERMATOLOGIA DA SBD-PB","article_modified_time":"2024-11-29T16:54:21+00:00","og_image":[{"width":600,"height":600,"url":"https:\/\/sbdparaiba.com.br\/2024\/wp-content\/uploads\/2024\/08\/12-JORNADA-PARAIBANA-DE-DERMATOLOGIA-LOGO-REDES-SOCIAIS.png","type":"image\/png"}],"twitter_card":"summary_large_image","twitter_title":"12\u00aa JORNADA PARAIBANA DE DERMATOLOGIA - 2\u00ba IMUNODERMA - SIMP\u00d3SIO DE IMUNODERMATOLOGIA DA SBD-PB","twitter_description":"12\u00aa JORNADA PARAIBANA DE DERMATOLOGIA - 2\u00ba IMUNODERMA - SIMP\u00d3SIO DE IMUNODERMATOLOGIA DA SBD-PB - 22 e 23 DE NOVEMBRO 2024 | AUDIT\u00d3RIO DO HOTEM MANA\u00cdRA | JO\u00c3O PESSOA - PB","twitter_image":"https:\/\/sbdparaiba.com.br\/2024\/wp-content\/uploads\/2024\/08\/12-JORNADA-PARAIBANA-DE-DERMATOLOGIA-LOGO-REDES-SOCIAIS.png","twitter_misc":{"Est. tempo de leitura":"1 minuto"},"schema":{"@context":"https:\/\/schema.org","@graph":[{"@type":"WebPage","@id":"https:\/\/sbdparaiba.com.br\/2024\/minha-conta\/","url":"https:\/\/sbdparaiba.com.br\/2024\/minha-conta\/","name":"Minha Conta - 12\u00aa JORNADA PARAIBANA DE DERMATOLOGIA - 2\u00ba IMUNODERMA - SIMP\u00d3SIO DE IMUNODERMATOLOGIA DA SBD-PB","isPartOf":{"@id":"https:\/\/sbdparaiba.com.br\/2024\/#website"},"primaryImageOfPage":{"@id":"https:\/\/sbdparaiba.com.br\/2024\/minha-conta\/#primaryimage"},"image":{"@id":"https:\/\/sbdparaiba.com.br\/2024\/minha-conta\/#primaryimage"},"thumbnailUrl":"https:\/\/sbdparaiba.com.br\/2024\/wp-content\/uploads\/2024\/08\/12-JORNADA-PARAIBANA-DE-DERMATOLOGIA-LOGO-REDES-SOCIAIS.png","datePublished":"2024-02-15T21:20:58+00:00","dateModified":"2024-11-29T16:54:21+00:00","description":"12\u00aa JORNADA PARAIBANA DE DERMATOLOGIA - 2\u00ba IMUNODERMA - SIMP\u00d3SIO DE IMUNODERMATOLOGIA DA SBD-PB - 22 e 23 DE NOVEMBRO 2024 | AUDIT\u00d3RIO DO HOTEM MANA\u00cdRA | JO\u00c3O PESSOA - PB","breadcrumb":{"@id":"https:\/\/sbdparaiba.com.br\/2024\/minha-conta\/#breadcrumb"},"inLanguage":"pt-BR","potentialAction":[{"@type":"ReadAction","target":["https:\/\/sbdparaiba.com.br\/2024\/minha-conta\/"]}]},{"@type":"ImageObject","inLanguage":"pt-BR","@id":"https:\/\/sbdparaiba.com.br\/2024\/minha-conta\/#primaryimage","url":"https:\/\/sbdparaiba.com.br\/2024\/wp-content\/uploads\/2024\/08\/12-JORNADA-PARAIBANA-DE-DERMATOLOGIA-LOGO-REDES-SOCIAIS.png","contentUrl":"https:\/\/sbdparaiba.com.br\/2024\/wp-content\/uploads\/2024\/08\/12-JORNADA-PARAIBANA-DE-DERMATOLOGIA-LOGO-REDES-SOCIAIS.png","width":600,"height":600},{"@type":"BreadcrumbList","@id":"https:\/\/sbdparaiba.com.br\/2024\/minha-conta\/#breadcrumb","itemListElement":[{"@type":"ListItem","position":1,"name":"Home","item":"https:\/\/sbdparaiba.com.br\/2024\/"},{"@type":"ListItem","position":2,"name":"Minha Conta"}]},{"@type":"WebSite","@id":"https:\/\/sbdparaiba.com.br\/2024\/#website","url":"https:\/\/sbdparaiba.com.br\/2024\/","name":"12\u00aa JORNADA PARAIBANA DE DERMATOLOGIA - 2\u00ba IMUNODERMA - SIMP\u00d3SIO DE IMUNODERMATOLOGIA DA SBD-PB","description":"","potentialAction":[{"@type":"SearchAction","target":{"@type":"EntryPoint","urlTemplate":"https:\/\/sbdparaiba.com.br\/2024\/?s={search_term_string}"},"query-input":"required name=search_term_string"}],"inLanguage":"pt-BR"}]}},"_links":{"self":[{"href":"https:\/\/sbdparaiba.com.br\/2024\/wp-json\/wp\/v2\/pages\/1207","targetHints":{"allow":["GET"]}}],"collection":[{"href":"https:\/\/sbdparaiba.com.br\/2024\/wp-json\/wp\/v2\/pages"}],"about":[{"href":"https:\/\/sbdparaiba.com.br\/2024\/wp-json\/wp\/v2\/types\/page"}],"author":[{"embeddable":true,"href":"https:\/\/sbdparaiba.com.br\/2024\/wp-json\/wp\/v2\/users\/1"}],"replies":[{"embeddable":true,"href":"https:\/\/sbdparaiba.com.br\/2024\/wp-json\/wp\/v2\/comments?post=1207"}],"version-history":[{"count":9,"href":"https:\/\/sbdparaiba.com.br\/2024\/wp-json\/wp\/v2\/pages\/1207\/revisions"}],"predecessor-version":[{"id":5768,"href":"https:\/\/sbdparaiba.com.br\/2024\/wp-json\/wp\/v2\/pages\/1207\/revisions\/5768"}],"wp:featuredmedia":[{"embeddable":true,"href":"https:\/\/sbdparaiba.com.br\/2024\/wp-json\/wp\/v2\/media\/5288"}],"wp:attachment":[{"href":"https:\/\/sbdparaiba.com.br\/2024\/wp-json\/wp\/v2\/media?parent=1207"}],"curies":[{"name":"wp","href":"https:\/\/api.w.org\/{rel}","templated":true}]}}